{"id":1483,"date":"2013-03-04T09:23:50","date_gmt":"2013-03-04T09:23:50","guid":{"rendered":"http:\/\/cristianlozaadaui.com\/?page_id=1483"},"modified":"2022-07-26T13:35:32","modified_gmt":"2022-07-26T13:35:32","slug":"education","status":"publish","type":"page","link":"https:\/\/cristianlozaadaui.com\/es\/education","title":{"rendered":"Educaci\u00f3n"},"content":{"rendered":"<h3 class=\"wp-block-heading\"><span style=\"color: #000000;\"><strong>Doctorado en Administraci\u00f3n de Empresas<\/strong><\/span><br><span style=\"color: #000000;\"><strong>2020 \u00a0Universidad Cat\u00f3lica de Eichst\u00e4tt-Ingolstadt (Alemania)<\/strong><\/span><br><span style=\"color: #000000;\">Tesis:&nbsp;<em>Essays on organizational purpose and sustainability disclosure [Ensayos sobre el prop\u00f3sito organizacional y la informaci\u00f3n de sostenibilidad]<\/em><\/span><\/h3>\n\n\n\n<p><\/p>\n\n\n\n<h3 class=\"wp-block-heading\"><span style=\"color: #000000;\"><strong>Maestr\u00eda en Gerencia y Responsabilidad Social Empresarial<\/strong><\/span><br><span style=\"color: #000000;\"><strong>2005 \u2013 2006 \u00a0Pontificia Universidad Santo Tom\u00e1s de Aquino (Italia) &amp; Universidad LUMSA (Italia)<\/strong><\/span><br><span style=\"color: #000000;\">Tesis:\u00a0<em>The social responsibility of universities: A Peruvian case [La Responsabilidad Social de las Universidades: Un Caso Peruano]<\/em><\/span><\/h3>\n\n\n\n<p><\/p>\n\n\n\n<h3 class=\"wp-block-heading\"><span style=\"color: #000000;\"><strong>Maestr\u00eda en Doctrina Social de la Iglesia<\/strong><\/span><br><span style=\"color: #000000;\"><strong>2004 \u2013 2006 \u00a0Pontificia Universidad Lateranense (Ciudad del Vaticano)<\/strong><\/span><br><span style=\"color: #000000;\">Tesis:\u00a0<em>The contribution of the Social Doctrine of the Church to entrepreneurial decision-making [El Aporte de la Doctrina Social de la Iglesia a la Toma de Decisiones Empresariales]\u00a0<\/em><\/span>\u00a0<\/h3>\n\n\n\n<p><\/p>\n\n\n\n<h3 class=\"wp-block-heading\"><span><b style=\"color: #000000;\">Bachelor\u00a0in Business Administration (B.A. \/ Lic.)<\/b><\/span><br><span style=\"color: #000000;\"><strong>1998 \u2013 2003 \u00a0Universidad Cat\u00f3lica San Pablo (Per\u00fa)<\/strong><\/span><br><span style=\"color: #000000;\">Tesis:\u00a0<em>Attitudes towards ethical issues, ethical management tools and moral judgment level in 20 executives of insurance companies of Arequipa-Peru [Actitudes hacia temas \u00e9ticos, herramientas de gesti\u00f3n \u00e9tica y nivel de reflexi\u00f3n moral, en veinte gerentes-ejecutivos de compa\u00f1\u00edas de seguros y reaseguros de la cuidad de Arequipa]<\/em><\/span><\/h3>\n\n\n\n<p><\/p>\n\n\n\n<h3 class=\"wp-block-heading\"><span style=\"color: #000000;\"><strong>Estudios de pregrado en Filosof\u00eda<\/strong><\/span><br><span style=\"color: #000000;\"><strong>2001 \u2013 2002 \u00a0Universidad Nacional de San Agust\u00edn (Per\u00fa)<\/strong><\/span><\/h3>","protected":false},"excerpt":{"rendered":"<p>Doctorate in Management (Dr. rer. pol.)2020 &nbsp;Catholic University of Eichst\u00e4tt Ingolstadt (Germany)Thesis:&nbsp;Essays on organizational purpose and sustainability disclosure Master in Management and Corporate Social Responsibility&#8230;<\/p>\n<div class=\"more-link-wrapper\"><a class=\"more-link\" href=\"https:\/\/cristianlozaadaui.com\/es\/education\">Continue reading<span class=\"screen-reader-text\">Educaci\u00f3n<\/span><\/a><\/div>","protected":false},"author":1,"featured_media":0,"parent":0,"menu_order":4,"comment_status":"closed","ping_status":"open","template":"","meta":{"om_disable_all_campaigns":false,"_exactmetrics_skip_tracking":false,"_exactmetrics_sitenote_active":false,"_exactmetrics_sitenote_note":"","_exactmetrics_sitenote_category":0,"_monsterinsights_skip_tracking":false,"_monsterinsights_sitenote_active":false,"_monsterinsights_sitenote_note":"","_monsterinsights_sitenote_category":0,"footnotes":""},"class_list":["post-1483","page","type-page","status-publish","hentry","entry"],"aioseo_notices":[],"_links":{"self":[{"href":"https:\/\/cristianlozaadaui.com\/es\/wp-json\/wp\/v2\/pages\/1483","targetHints":{"allow":["GET"]}}],"collection":[{"href":"https:\/\/cristianlozaadaui.com\/es\/wp-json\/wp\/v2\/pages"}],"about":[{"href":"https:\/\/cristianlozaadaui.com\/es\/wp-json\/wp\/v2\/types\/page"}],"author":[{"embeddable":true,"href":"https:\/\/cristianlozaadaui.com\/es\/wp-json\/wp\/v2\/users\/1"}],"replies":[{"embeddable":true,"href":"https:\/\/cristianlozaadaui.com\/es\/wp-json\/wp\/v2\/comments?post=1483"}],"version-history":[{"count":25,"href":"https:\/\/cristianlozaadaui.com\/es\/wp-json\/wp\/v2\/pages\/1483\/revisions"}],"predecessor-version":[{"id":2250,"href":"https:\/\/cristianlozaadaui.com\/es\/wp-json\/wp\/v2\/pages\/1483\/revisions\/2250"}],"wp:attachment":[{"href":"https:\/\/cristianlozaadaui.com\/es\/wp-json\/wp\/v2\/media?parent=1483"}],"curies":[{"name":"wp","href":"https:\/\/api.w.org\/{rel}","templated":true}]}}