{"id":1456,"date":"2013-03-04T08:45:32","date_gmt":"2013-03-04T08:45:32","guid":{"rendered":"http:\/\/cristianlozaadaui.com\/?page_id=1456"},"modified":"2024-02-22T16:08:01","modified_gmt":"2024-02-22T16:08:01","slug":"teaching","status":"publish","type":"page","link":"https:\/\/cristianlozaadaui.com\/es\/teaching","title":{"rendered":"Posiciones acad\u00e9micas"},"content":{"rendered":"<h3>since &#8211; 03.2023<\/h3>\n<h3><strong>Profesor titular de Gerencia y Responsabilidad Social Empresarial<\/strong><br \/>\n<b>THI Business School<\/b><br \/>\n<strong>Technische Hochschule Ingolstadt<\/strong><\/h3>\n<ul>\n<li>Docente del curso Responsabilidad Social Empresarial<\/li>\n<li>Docente del curso Gerencia de la Sostenibilidad<\/li>\n<li>Lecturer of the course Sustainability, CSR, and Compliance Management<\/li>\n<li>Docente del curso Estrat\u00e9gia Empresarial y Modelos de Negocios Digitales<\/li>\n<li>Docente del curso Empresa y Sociedad<\/li>\n<li>Lecturer of the course Ethics and Compliance<\/li>\n<\/ul>\n<h3>08.2021 &#8211; 02.2023<\/h3>\n<h3><strong>C\u00e1tedra de Gesti\u00f3n Sostenible y Responsabilidad Social Corporativa<\/strong><br \/>\n<b>Director comisionado\u00a0<\/b><span style=\"font-weight: 600;\">del<\/span><b>\u00a0Center for Advanced Sustainable Management<\/b><br \/>\n<strong>CBS International Business School<\/strong><\/h3>\n<ul>\n<li>Docente del curso Responsabilidad Social Empresarial<\/li>\n<li>Docente del curso Empresa y Sociedad<\/li>\n<li>Docente del curso Gesti\u00f3n Sostenible de las Cadenas de Valor<\/li>\n<li>Docente del curso Gesti\u00f3n Sostenible de las Finanzas<\/li>\n<li>Docente del curso Gesti\u00f3n del Impacto Ambiental<\/li>\n<li>Docente del curso Desarrollo de Tesis de Maestr\u00eda en Temas de Sostenibilidad<\/li>\n<\/ul>\n<h3>10.2021 &#8211; 04.2022<\/h3>\n<h3><strong>Docente<\/strong><\/h3>\n<h3><strong>Instituto de Ciencias Econ\u00f3micas y Empresariales<\/strong><br \/>\n<strong>Friedrich-Alexander-Universit\u00e4t Erlangen-N\u00fcrnberg<\/strong><\/h3>\n<ul>\n<li>Docente del curso de Gerencia Estrat\u00e9gica<\/li>\n<\/ul>\n<h3>10.2013\u00a0&#8211; 07.2021<\/h3>\n<h3><strong>Investigador y docente<\/strong><br \/>\n<b>C\u00e1tedra de Administraci\u00f3n Empresarial enfocada en Gesti\u00f3n Estrat\u00e9gica Orientada por Valores<\/b><b>\u00a0Strategic and Values Oriented Management<\/b><\/h3>\n<h3><strong>Instituto de Ciencias Econ\u00f3micas y Empresariales<\/strong><br \/>\n<strong>Friedrich-Alexander-Universit\u00e4t Erlangen-N\u00fcrnberg<\/strong><\/h3>\n<ul>\n<li>Docente del curso de Gerencia Estrat\u00e9gica<\/li>\n<li>Docente del seminario Empresa y Sociedad en Am\u00e9rica Latina<\/li>\n<li>Docente del seminario Legitimidad Empresarial en Am\u00e9rica Latina<\/li>\n<li>Docente del seminario Responsabilidad Social Empresarial Orientada al Desarrollo<\/li>\n<li>Docente de las pr\u00e1cticas de \u00c9tica Empresarial Internacional<\/li>\n<li>Docente de las pr\u00e1cticas de Administraci\u00f3n de Empresas<\/li>\n<\/ul>\n<h3>09.2020 &#8211; 02.2021<\/h3>\n<h3><strong>Docente<\/strong><br \/>\n<strong>THI Business School<\/strong><br \/>\n<strong>Technische\u00a0Hochschule\u00a0Ingolstadt<\/strong><\/h3>\n<ul>\n<li>Docente del curso Principios de Negocios Internacionales<\/li>\n<li><span style=\"font-size: inherit;\">Docente del curso Administraci\u00f3n de Empresas<\/span><\/li>\n<\/ul>\n<h3>05.2013 &#8211; 07.2014<\/h3>\n<h3><strong>Investigador y docente<\/strong><br \/>\n<strong>C\u00e1tedra de \u00c9tica Social Cristiana y Pol\u00edticas Sociales<\/strong><br \/>\n<strong>Katholische Universit\u00e4t Eichst\u00e4tt-Ingolstadt<\/strong><\/h3>\n<div>\n<ul>\n<li>Lecturer of the course Advanced Business\u00a0Ethics (with Prof. Dr. Andr\u00e9 Habisch)<\/li>\n<\/ul>\n<\/div>\n<h3>10.2011 &#8211; 03.2012<\/h3>\n<h3><strong>Docente<\/strong><br \/>\n<strong>Katholische Universit\u00e4t Eichst\u00e4tt-Ingolstadt<\/strong><\/h3>\n<ul>\n<li>Docente del curso Introducci\u00f3n a la \u00c9tica Social Cristiana<\/li>\n<\/ul>\n<div>\n<h3>04.2010 &#8211; 02.2012<\/h3>\n<h3><strong>Asistente acad\u00e9mico<\/strong><br \/>\n<strong>C\u00e1tedra de \u00c9tica Social Cristiana y Pol\u00edticas Sociales<\/strong><br \/>\n<strong>Katholische Universit\u00e4t Eichst\u00e4tt-Ingolstadt<\/strong><\/h3>\n<ul>\n<li>Asistente acad\u00e9mico en diversos cursos y seminarios sobre \u00e9tica empresarial y responsabilidad social empresarial en pre-grado y postgrado en la Escuela de Negocios de Ingolstadt.<\/li>\n<li>Instructor de desarrollo de trabajo acad\u00e9mico para alumnos de pre-grado.<\/li>\n<\/ul>\n<h3>10.2008<\/h3>\n<h3><strong>Instructor de Responsabilidad Social Empresarial<\/strong><br \/>\n<strong>Per\u00fa 2021\u00a0(Partner of the World Business Council for Sustainable Development)<\/strong><\/h3>\n<ul>\n<li>Instructor de un curso dise\u00f1ado por el Fondo Multilateral de Inversiones (FOMIN) del banco Interamericano de Desarrollo para entrenar profesionales como consultores en el campo del la Responsabilidad Social Empresarial.<\/li>\n<\/ul>\n<\/div>\n<div>\n<h3>08.2006 &#8211; 12.2008<\/h3>\n<h3><strong>Profesor Auxiliar de \u00c9tica Profesional y Empresarial<\/strong><br \/>\n<strong>Universidad Cat\u00f3lica San Pablo<\/strong><\/h3>\n<ul>\n<li>En pre-grado docente responsable de cursos de \u00e9tica empresarial, \u00e9tica profesional y filosof\u00eda en diferentes escuelas profesionales (Administraci\u00f3n de empresas, Contabilidad, Ingenier\u00eda Industrial, Educaci\u00f3n y Psicolog\u00eda).<\/li>\n<li>En extensi\u00f3n profesional responsable de la docencia de cursos de \u00e9tica empresarial y responsabilidad social empresarial en diferentes programas.<\/li>\n<li>Responsable del Programa de Desarrollo Docente en Filosof\u00eda y \u00c9tica Social Cristiana.<\/li>\n<\/ul>\n<div>\n<h3>08.2002 &#8211; 07.2003<\/h3>\n<h3><strong>Estudiante Asistente de Filosof\u00eda<\/strong><br \/>\n<strong>Universidad Cat\u00f3lica San Pablo<\/strong><\/h3>\n<ul>\n<li>Soporte acad\u00e9mico y docencia en el curso de Introducci\u00f3n a la Filosof\u00eda en la escuela profesional de Administraci\u00f3n de Negocios.<\/li>\n<\/ul>\n<\/div>\n<\/div>\n<div class=\"grammarly-disable-indicator\"><\/div>","protected":false},"excerpt":{"rendered":"<p>since &#8211; 03.2023 Full Professor of Management and Corporate Social Responsibility THI Business School Technische Hochschule Ingolstadt Lecturer of the course Corporate Social Responsibility Lecturer&#8230;<\/p>\n<div class=\"more-link-wrapper\"><a class=\"more-link\" href=\"https:\/\/cristianlozaadaui.com\/es\/teaching\">Continue reading<span class=\"screen-reader-text\">Posiciones acad\u00e9micas<\/span><\/a><\/div>","protected":false},"author":1,"featured_media":0,"parent":0,"menu_order":2,"comment_status":"closed","ping_status":"closed","template":"","meta":{"om_disable_all_campaigns":false,"_exactmetrics_skip_tracking":false,"_exactmetrics_sitenote_active":false,"_exactmetrics_sitenote_note":"","_exactmetrics_sitenote_category":0,"_monsterinsights_skip_tracking":false,"_monsterinsights_sitenote_active":false,"_monsterinsights_sitenote_note":"","_monsterinsights_sitenote_category":0,"footnotes":""},"class_list":["post-1456","page","type-page","status-publish","hentry","entry"],"aioseo_notices":[],"_links":{"self":[{"href":"https:\/\/cristianlozaadaui.com\/es\/wp-json\/wp\/v2\/pages\/1456","targetHints":{"allow":["GET"]}}],"collection":[{"href":"https:\/\/cristianlozaadaui.com\/es\/wp-json\/wp\/v2\/pages"}],"about":[{"href":"https:\/\/cristianlozaadaui.com\/es\/wp-json\/wp\/v2\/types\/page"}],"author":[{"embeddable":true,"href":"https:\/\/cristianlozaadaui.com\/es\/wp-json\/wp\/v2\/users\/1"}],"replies":[{"embeddable":true,"href":"https:\/\/cristianlozaadaui.com\/es\/wp-json\/wp\/v2\/comments?post=1456"}],"version-history":[{"count":54,"href":"https:\/\/cristianlozaadaui.com\/es\/wp-json\/wp\/v2\/pages\/1456\/revisions"}],"predecessor-version":[{"id":2303,"href":"https:\/\/cristianlozaadaui.com\/es\/wp-json\/wp\/v2\/pages\/1456\/revisions\/2303"}],"wp:attachment":[{"href":"https:\/\/cristianlozaadaui.com\/es\/wp-json\/wp\/v2\/media?parent=1456"}],"curies":[{"name":"wp","href":"https:\/\/api.w.org\/{rel}","templated":true}]}}