{"id":2256,"date":"2022-07-26T14:47:55","date_gmt":"2022-07-26T14:47:55","guid":{"rendered":"http:\/\/cristianlozaadaui.com\/?page_id=2256"},"modified":"2023-07-20T10:10:19","modified_gmt":"2023-07-20T10:10:19","slug":"impressum","status":"publish","type":"page","link":"http:\/\/cristianlozaadaui.com\/en\/impressum","title":{"rendered":"Imprint"},"content":{"rendered":"\n<p>Impressum: Dies ist meine private Website<\/p>\n\n\n\n<p><strong>Offenlegung gem. \u00a725 Mediengesetz<\/strong>&nbsp;<strong>\u00d6sterreich<\/strong><\/p>\n\n\n\n<p>Cristian Rolando Loza Adaui<br>85072 Eichst\u00e4tt<\/p>\n\n\n\n<p><\/p>\n\n\n\n<p><strong>Kontakt<\/strong><\/p>\n\n\n\n<p>Telefon: +49 (0) 151 42500057<br>E-Mail: mail@cristianlozaadaui.com<\/p>\n\n\n\n<p><strong>Redaktionell verantwortlich<\/strong><\/p>\n\n\n\n<p>Cristian Rolando Loza Adaui<\/p>\n\n\n\n<p><strong>Haftung f\u00fcr Links<\/strong><\/p>\n\n\n\n<p>Unser Website enth\u00e4lt Links zu externen Webseiten Dritter, auf deren Inhalte wir keinen Einfluss haben. Deshalb k\u00f6nnen wir f\u00fcr diese fremden Inhalte auch keine Gew\u00e4hr \u00fcbernehmen. F\u00fcr die Inhalte der verlinkten Seiten ist stets der jeweilige Anbieter oder Betreiber der Seiten verantwortlich. Die verlinkten Seiten wurden zum Zeitpunkt der Verlinkung auf m\u00f6gliche Rechtsverst\u00f6\u00dfe \u00fcberpr\u00fcft. Rechtswidrige Inhalte waren zum Zeitpunkt der Verlinkung nicht erkennbar. Eine permanente inhaltliche Kontrolle der verlinkten Seiten ist jedoch ohne konkrete Anhaltspunkte einer Rechtsverletzung nicht zumutbar. Bei Bekanntwerden von Rechtsverletzungen werden wir derartige Links umgehend entfernen.<\/p>\n\n\n\n<p><strong>Urheberrecht<\/strong><\/p>\n\n\n\n<p>Die durch die Seitenbetreiber erstellten Inhalte und Werke auf diesen Seiten unterliegen dem deutschen Urheberrecht. Die Vervielf\u00e4ltigung, Bearbeitung, Verbreitung und jede Art der Verwertung au\u00dferhalb der Grenzen des Urheberrechtes bed\u00fcrfen der schriftlichen Zustimmung des jeweiligen Autors bzw. Erstellers. Downloads und Kopien dieser Seite sind nur f\u00fcr den privaten, nicht kommerziellen Gebrauch gestattet. Soweit die Inhalte auf dieser Seite nicht vom Betreiber erstellt wurden, werden die Urheberrechte Dritter beachtet. Insbesondere werden Inhalte Dritter als solche gekennzeichnet. Sollten Sie trotzdem auf eine Urheberrechtsverletzung aufmerksam werden, bitten wir um einen entsprechenden Hinweis. Bei Bekanntwerden von Rechtsverletzungen werden wir derartige Inhalte umgehend entfernen.<\/p>\n","protected":false},"excerpt":{"rendered":"<p>Impressum: Dies ist meine private Website Offenlegung gem. \u00a725 Mediengesetz&nbsp;\u00d6sterreich Cristian Rolando Loza Adaui85072 Eichst\u00e4tt Kontakt Telefon: +49 (0) 151 42500057E-Mail: mail@cristianlozaadaui.com Redaktionell verantwortlich Cristian&#8230;<\/p>\n<div class=\"more-link-wrapper\"><a class=\"more-link\" href=\"http:\/\/cristianlozaadaui.com\/en\/impressum\">Continue reading<span class=\"screen-reader-text\">Imprint<\/span><\/a><\/div>\n","protected":false},"author":1,"featured_media":0,"parent":0,"menu_order":1,"comment_status":"closed","ping_status":"closed","template":"","meta":{"om_disable_all_campaigns":false,"_exactmetrics_skip_tracking":false,"_exactmetrics_sitenote_active":false,"_exactmetrics_sitenote_note":"","_exactmetrics_sitenote_category":0,"_monsterinsights_skip_tracking":false,"_monsterinsights_sitenote_active":false,"_monsterinsights_sitenote_note":"","_monsterinsights_sitenote_category":0,"footnotes":""},"class_list":["post-2256","page","type-page","status-publish","hentry","entry"],"aioseo_notices":[],"_links":{"self":[{"href":"http:\/\/cristianlozaadaui.com\/en\/wp-json\/wp\/v2\/pages\/2256","targetHints":{"allow":["GET"]}}],"collection":[{"href":"http:\/\/cristianlozaadaui.com\/en\/wp-json\/wp\/v2\/pages"}],"about":[{"href":"http:\/\/cristianlozaadaui.com\/en\/wp-json\/wp\/v2\/types\/page"}],"author":[{"embeddable":true,"href":"http:\/\/cristianlozaadaui.com\/en\/wp-json\/wp\/v2\/users\/1"}],"replies":[{"embeddable":true,"href":"http:\/\/cristianlozaadaui.com\/en\/wp-json\/wp\/v2\/comments?post=2256"}],"version-history":[{"count":8,"href":"http:\/\/cristianlozaadaui.com\/en\/wp-json\/wp\/v2\/pages\/2256\/revisions"}],"predecessor-version":[{"id":2289,"href":"http:\/\/cristianlozaadaui.com\/en\/wp-json\/wp\/v2\/pages\/2256\/revisions\/2289"}],"wp:attachment":[{"href":"http:\/\/cristianlozaadaui.com\/en\/wp-json\/wp\/v2\/media?parent=2256"}],"curies":[{"name":"wp","href":"https:\/\/api.w.org\/{rel}","templated":true}]}}